{"id":126,"date":"2026-01-13T12:16:08","date_gmt":"2026-01-13T12:16:08","guid":{"rendered":"https:\/\/asesoresjuridicosmadrid.es\/?page_id=126"},"modified":"2026-01-13T12:17:37","modified_gmt":"2026-01-13T12:17:37","slug":"contacto","status":"publish","type":"page","link":"https:\/\/asesoresjuridicosmadrid.es\/en\/contacto\/","title":{"rendered":"Contact"},"content":{"rendered":"<div data-elementor-type=\"wp-page\" data-elementor-id=\"126\" class=\"elementor elementor-126\">\n\t\t\t\t<div class=\"elementor-element elementor-element-6ad9ed17 e-con-full e-flex e-con e-parent\" data-id=\"6ad9ed17\" data-element_type=\"container\">\n\t\t\t\t<div class=\"elementor-element elementor-element-aaeb764 elementor-widget elementor-widget-html\" data-id=\"aaeb764\" data-element_type=\"widget\" data-widget_type=\"html.default\">\n\t\t\t\t\t<!-- CONTACTO CONTENT CODE -->\r\n<!-- Pre-requisito: Copiar estilos de WORDPRESS_FULL_STYLE.css en el Personalizador de WordPress -->\r\n\r\n<div class=\"page-header\"\r\n    style=\"background-color: var(--color-primary); color: white; padding: 4rem 0; text-align: center;\">\r\n    <div class=\"container\">\r\n        <h1>Contact Us<\/h1>\r\n        <p>We are here to help you. First orientation consultation free of charge.<\/p>\r\n    <\/div>\r\n<\/div>\r\n\r\n<section class=\"section\">\r\n    <div class=\"container\">\r\n        <div class=\"contact-grid\">\r\n\r\n            <!-- Contact Info -->\r\n            <div class=\"contact-info-box\">\r\n                <h3 style=\"margin-bottom: 2rem;\">Contact Information<\/h3>\r\n                <div class=\"contact-item\" style=\"display: flex; margin-bottom: 1.5rem;\">\r\n                    <i class=\"fas fa-map-marker-alt contact-icon\"><\/i>\r\n                    <div>\r\n                        <h4>Visit us at<\/h4>\r\n                        <p>N\u00fa\u00f1ez Morgado Street, 5 - Floor 3A<br>Madrid, Spain<\/p>\r\n                    <\/div>\r\n                <\/div>\r\n                <div class=\"contact-item\" style=\"display: flex; margin-bottom: 1.5rem;\">\r\n                    <i class=\"fas fa-phone contact-icon\"><\/i>\r\n                    <div>\r\n                        <h4>Call us at<\/h4>\r\n                        <p>+34 629 225 452<\/p>\r\n                        <p style=\"font-size: 0.9rem; color: #666;\">(Hours: M-F from 9:00 to 19:00)<\/p>\r\n                    <\/div>\r\n                <\/div>\r\n  \r\n            <\/div>\r\n\r\n            <!-- Contact Form -->\r\n            <div>\r\n                <h3 style=\"margin-bottom: 2rem;\">Send us a message<\/h3>\r\n                <form action=\"#\" method=\"POST\" onsubmit=\"return false;\" data-trp-original-action=\"#\">\r\n                    <div class=\"form-group\" style=\"margin-bottom: 1rem;\">\r\n                        <label class=\"form-label\">Full Name<\/label>\r\n                        <input type=\"text\" class=\"form-control\" placeholder=\"Your name\" required>\r\n                    <\/div>\r\n                    <div class=\"form-group\" style=\"margin-bottom: 1rem;\">\r\n                        <label class=\"form-label\">E-mail address<\/label>\r\n                        <input type=\"email\" class=\"form-control\" placeholder=\"tucorreo@ejemplo.com\" required>\r\n                    <\/div>\r\n                    <div class=\"form-group\" style=\"margin-bottom: 1rem;\">\r\n                        <label class=\"form-label\">Subject<\/label>\r\n                        <select class=\"form-control\">\r\n                            <option>General Inquiry<\/option>\r\n                            <option>Tax Advisory<\/option>\r\n                            <option>Labor Advisory Services<\/option>\r\n                            <option>Legal Counsel<\/option>\r\n                        <\/select>\r\n                    <\/div>\r\n                    <div class=\"form-group\" style=\"margin-bottom: 1rem;\">\r\n                        <label class=\"form-label\">Message<\/label>\r\n                        <textarea class=\"form-control\" rows=\"5\" placeholder=\"Briefly describe your inquiry...\"\r\n                            required><\/textarea>\r\n                    <\/div>\r\n                    <button type=\"submit\" class=\"btn btn-gold\" style=\"width: 100%;\">Send Query<\/button>\r\n                <input type=\"hidden\" name=\"trp-form-language\" value=\"en\"\/><\/form>\r\n            <\/div>\r\n        <\/div>\r\n\r\n\r\n<\/section>\t\t\t\t<\/div>\n\t\t\t\t<\/div>\n\t\t\t\t<\/div>","protected":false},"excerpt":{"rendered":"<p>Contacta con Nosotros Estamos aqu\u00ed para ayudarte. Primera consulta orientativa gratuita. Informaci\u00f3n de Contacto Vis\u00edtanos Calle N\u00fa\u00f1ez Morgado, 5 \u2013 [&hellip;]<\/p>","protected":false},"author":1,"featured_media":0,"parent":0,"menu_order":0,"comment_status":"closed","ping_status":"closed","template":"","meta":{"site-sidebar-layout":"default","site-content-layout":"","ast-site-content-layout":"default","site-content-style":"default","site-sidebar-style":"default","ast-global-header-display":"","ast-banner-title-visibility":"","ast-main-header-display":"","ast-hfb-above-header-display":"","ast-hfb-below-header-display":"","ast-hfb-mobile-header-display":"","site-post-title":"","ast-breadcrumbs-content":"","ast-featured-img":"","footer-sml-layout":"","ast-disable-related-posts":"","theme-transparent-header-meta":"","adv-header-id-meta":"","stick-header-meta":"","header-above-stick-meta":"","header-main-stick-meta":"","header-below-stick-meta":"","astra-migrate-meta-layouts":"default","ast-page-background-enabled":"default","ast-page-background-meta":{"desktop":{"background-color":"var(--ast-global-color-5)","background-image":"","background-repeat":"repeat","background-position":"center center","background-size":"auto","background-attachment":"scroll","background-type":"","background-media":"","overlay-type":"","overlay-color":"","overlay-opacity":"","overlay-gradient":""},"tablet":{"background-color":"","background-image":"","background-repeat":"repeat","background-position":"center center","background-size":"auto","background-attachment":"scroll","background-type":"","background-media":"","overlay-type":"","overlay-color":"","overlay-opacity":"","overlay-gradient":""},"mobile":{"background-color":"","background-image":"","background-repeat":"repeat","background-position":"center center","background-size":"auto","background-attachment":"scroll","background-type":"","background-media":"","overlay-type":"","overlay-color":"","overlay-opacity":"","overlay-gradient":""}},"ast-content-background-meta":{"desktop":{"background-color":"var(--ast-global-color-4)","background-image":"","background-repeat":"repeat","background-position":"center center","background-size":"auto","background-attachment":"scroll","background-type":"","background-media":"","overlay-type":"","overlay-color":"","overlay-opacity":"","overlay-gradient":""},"tablet":{"background-color":"var(--ast-global-color-4)","background-image":"","background-repeat":"repeat","background-position":"center center","background-size":"auto","background-attachment":"scroll","background-type":"","background-media":"","overlay-type":"","overlay-color":"","overlay-opacity":"","overlay-gradient":""},"mobile":{"background-color":"var(--ast-global-color-4)","background-image":"","background-repeat":"repeat","background-position":"center center","background-size":"auto","background-attachment":"scroll","background-type":"","background-media":"","overlay-type":"","overlay-color":"","overlay-opacity":"","overlay-gradient":""}},"footnotes":""},"class_list":["post-126","page","type-page","status-publish","hentry"],"_links":{"self":[{"href":"https:\/\/asesoresjuridicosmadrid.es\/en\/wp-json\/wp\/v2\/pages\/126","targetHints":{"allow":["GET"]}}],"collection":[{"href":"https:\/\/asesoresjuridicosmadrid.es\/en\/wp-json\/wp\/v2\/pages"}],"about":[{"href":"https:\/\/asesoresjuridicosmadrid.es\/en\/wp-json\/wp\/v2\/types\/page"}],"author":[{"embeddable":true,"href":"https:\/\/asesoresjuridicosmadrid.es\/en\/wp-json\/wp\/v2\/users\/1"}],"replies":[{"embeddable":true,"href":"https:\/\/asesoresjuridicosmadrid.es\/en\/wp-json\/wp\/v2\/comments?post=126"}],"version-history":[{"count":7,"href":"https:\/\/asesoresjuridicosmadrid.es\/en\/wp-json\/wp\/v2\/pages\/126\/revisions"}],"predecessor-version":[{"id":133,"href":"https:\/\/asesoresjuridicosmadrid.es\/en\/wp-json\/wp\/v2\/pages\/126\/revisions\/133"}],"wp:attachment":[{"href":"https:\/\/asesoresjuridicosmadrid.es\/en\/wp-json\/wp\/v2\/media?parent=126"}],"curies":[{"name":"wp","href":"https:\/\/api.w.org\/{rel}","templated":true}]}}