{"id":107,"date":"2026-01-13T12:05:05","date_gmt":"2026-01-13T12:05:05","guid":{"rendered":"https:\/\/asesoresjuridicosmadrid.es\/?page_id=107"},"modified":"2026-01-13T12:06:11","modified_gmt":"2026-01-13T12:06:11","slug":"sobre-nosotros","status":"publish","type":"page","link":"https:\/\/asesoresjuridicosmadrid.es\/en\/sobre-nosotros\/","title":{"rendered":"About us"},"content":{"rendered":"<div data-elementor-type=\"wp-page\" data-elementor-id=\"107\" class=\"elementor elementor-107\">\n\t\t\t\t<div class=\"elementor-element elementor-element-52fe810 e-con-full e-flex e-con e-parent\" data-id=\"52fe810\" data-element_type=\"container\">\n\t\t\t\t<div class=\"elementor-element elementor-element-aa94037 elementor-widget elementor-widget-html\" data-id=\"aa94037\" data-element_type=\"widget\" data-widget_type=\"html.default\">\n\t\t\t\t\t<!-- SOBRE NOSOTROS CONTENT CODE -->\r\n<!-- Pre-requisito: Copiar estilos de WORDPRESS_FULL_STYLE.css en el Personalizador de WordPress -->\r\n\r\n<!-- Page Header -->\r\n<div class=\"page-header\"\r\n    style=\"background-color: var(--color-primary); color: white; padding: 4rem 0; text-align: center;\">\r\n    <div class=\"container\">\r\n        <h1>Who we are<\/h1>\r\n        <p>Experience, ethics and commitment to our clients.<\/p>\r\n    <\/div>\r\n<\/div>\r\n\r\n<!-- Team Section -->\r\n<section class=\"section\">\r\n    <div class=\"container\">\r\n        <div style=\"display: flex; flex-wrap: wrap; gap: 3rem; align-items: center;\">\r\n            <div style=\"flex: 1; min-width: 300px;\">\r\n                <img decoding=\"async\" src=\"https:\/\/images.unsplash.com\/photo-1522071820081-009f0129c71c?auto=format&amp;fit=crop&amp;w=800&amp;q=80\" alt=\"Equipo\" class=\"team-img\" style=\"width: 100%; height: 400px; object-fit: cover; border-radius: 8px;\" title=\"About us\">\r\n            <\/div>\r\n            <div style=\"flex: 1; min-width: 300px;\">\r\n                <h2 class=\"text-gold\">Our Philosophy<\/h2>\r\n                <h3>Professional Ethics and Trust<\/h3>\r\n                <p style=\"margin-bottom: 1rem;\">At Asesores Jur\u00eddicos Madrid, we believe that the legal profession should be practiced from a\r\n                    transparency and proximity. Our objective is not only to solve legal problems, but also to prevent conflicts and to\r\n                    prevent conflicts and offer peace of mind to our clients.<\/p>\r\n                <p>We have a multidisciplinary team specialized in the different branches of law and business consulting.\r\n                    and business consulting.<\/p>\r\n            <\/div>\r\n        <\/div>\r\n    <\/div>\r\n<\/section>\r\n\r\n<!-- Timeline -->\r\n<section class=\"section section-gray\">\r\n    <div class=\"container\">\r\n        <div class=\"text-center\" style=\"margin-bottom: 3rem;\">\r\n            <h2>Our History<\/h2>\r\n        <\/div>\r\n\r\n        <div class=\"timeline\" style=\"position: relative; max-width: 800px; margin: 0 auto; padding: 2rem 0;\">\r\n            <!-- Timeline Styles are in Global CSS now, inline override for structure if needed, but classes handle it -->\r\n            <div class=\"timeline-item left\">\r\n                <div class=\"timeline-content\">\r\n                    <h3>1998<\/h3>\r\n                    <p>Foundation of CORVEMAR ASESORES SL in Madrid.<\/p>\r\n                <\/div>\r\n            <\/div>\r\n            <div class=\"timeline-item right\">\r\n                <div class=\"timeline-content\">\r\n                    <h3>2005<\/h3>\r\n                    <p>Expansion of the tax and accounting department.<\/p>\r\n                <\/div>\r\n            <\/div>\r\n            <div class=\"timeline-item left\">\r\n                <div class=\"timeline-content\">\r\n                    <h3>2012<\/h3>\r\n                    <p>Incorporation of new partners and specialization in Compliance.<\/p>\r\n                <\/div>\r\n            <\/div>\r\n            <div class=\"timeline-item right\">\r\n                <div class=\"timeline-content\">\r\n                    <h3>News<\/h3>\r\n                    <p>Referents in integral consultancy in Madrid.<\/p>\r\n                <\/div>\r\n            <\/div>\r\n        <\/div>\r\n    <\/div>\r\n<\/section>\t\t\t\t<\/div>\n\t\t\t\t<\/div>\n\t\t\t\t<\/div>","protected":false},"excerpt":{"rendered":"<p>Qui\u00e9nes Somos Experiencia, \u00e9tica y compromiso con nuestros clientes. Nuestra Filosof\u00eda \u00c9tica Profesional y Confianza En Asesores Jur\u00eddicos Madrid, creemos [&hellip;]<\/p>","protected":false},"author":1,"featured_media":0,"parent":0,"menu_order":0,"comment_status":"closed","ping_status":"closed","template":"","meta":{"site-sidebar-layout":"no-sidebar","site-content-layout":"","ast-site-content-layout":"full-width-container","site-content-style":"default","site-sidebar-style":"default","ast-global-header-display":"","ast-banner-title-visibility":"","ast-main-header-display":"","ast-hfb-above-header-display":"","ast-hfb-below-header-display":"","ast-hfb-mobile-header-display":"","site-post-title":"disabled","ast-breadcrumbs-content":"","ast-featured-img":"disabled","footer-sml-layout":"","ast-disable-related-posts":"","theme-transparent-header-meta":"","adv-header-id-meta":"","stick-header-meta":"","header-above-stick-meta":"","header-main-stick-meta":"","header-below-stick-meta":"","astra-migrate-meta-layouts":"default","ast-page-background-enabled":"default","ast-page-background-meta":{"desktop":{"background-color":"var(--ast-global-color-5)","background-image":"","background-repeat":"repeat","background-position":"center center","background-size":"auto","background-attachment":"scroll","background-type":"","background-media":"","overlay-type":"","overlay-color":"","overlay-opacity":"","overlay-gradient":""},"tablet":{"background-color":"","background-image":"","background-repeat":"repeat","background-position":"center center","background-size":"auto","background-attachment":"scroll","background-type":"","background-media":"","overlay-type":"","overlay-color":"","overlay-opacity":"","overlay-gradient":""},"mobile":{"background-color":"","background-image":"","background-repeat":"repeat","background-position":"center center","background-size":"auto","background-attachment":"scroll","background-type":"","background-media":"","overlay-type":"","overlay-color":"","overlay-opacity":"","overlay-gradient":""}},"ast-content-background-meta":{"desktop":{"background-color":"var(--ast-global-color-4)","background-image":"","background-repeat":"repeat","background-position":"center center","background-size":"auto","background-attachment":"scroll","background-type":"","background-media":"","overlay-type":"","overlay-color":"","overlay-opacity":"","overlay-gradient":""},"tablet":{"background-color":"var(--ast-global-color-4)","background-image":"","background-repeat":"repeat","background-position":"center center","background-size":"auto","background-attachment":"scroll","background-type":"","background-media":"","overlay-type":"","overlay-color":"","overlay-opacity":"","overlay-gradient":""},"mobile":{"background-color":"var(--ast-global-color-4)","background-image":"","background-repeat":"repeat","background-position":"center center","background-size":"auto","background-attachment":"scroll","background-type":"","background-media":"","overlay-type":"","overlay-color":"","overlay-opacity":"","overlay-gradient":""}},"footnotes":""},"class_list":["post-107","page","type-page","status-publish","hentry"],"_links":{"self":[{"href":"https:\/\/asesoresjuridicosmadrid.es\/en\/wp-json\/wp\/v2\/pages\/107","targetHints":{"allow":["GET"]}}],"collection":[{"href":"https:\/\/asesoresjuridicosmadrid.es\/en\/wp-json\/wp\/v2\/pages"}],"about":[{"href":"https:\/\/asesoresjuridicosmadrid.es\/en\/wp-json\/wp\/v2\/types\/page"}],"author":[{"embeddable":true,"href":"https:\/\/asesoresjuridicosmadrid.es\/en\/wp-json\/wp\/v2\/users\/1"}],"replies":[{"embeddable":true,"href":"https:\/\/asesoresjuridicosmadrid.es\/en\/wp-json\/wp\/v2\/comments?post=107"}],"version-history":[{"count":4,"href":"https:\/\/asesoresjuridicosmadrid.es\/en\/wp-json\/wp\/v2\/pages\/107\/revisions"}],"predecessor-version":[{"id":111,"href":"https:\/\/asesoresjuridicosmadrid.es\/en\/wp-json\/wp\/v2\/pages\/107\/revisions\/111"}],"wp:attachment":[{"href":"https:\/\/asesoresjuridicosmadrid.es\/en\/wp-json\/wp\/v2\/media?parent=107"}],"curies":[{"name":"wp","href":"https:\/\/api.w.org\/{rel}","templated":true}]}}